{"id":4117,"date":"2020-02-25T17:48:56","date_gmt":"2020-02-25T16:48:56","guid":{"rendered":"https:\/\/docteursett.com\/?page_id=4117"},"modified":"2021-07-30T11:21:01","modified_gmt":"2021-07-30T10:21:01","slug":"audit-2","status":"publish","type":"page","link":"https:\/\/docteursett.com\/?page_id=4117","title":{"rendered":"Audit"},"content":{"rendered":"<p>[vc_row][vc_column css_animation=&#8221;fadeInLeft&#8221; width=&#8221;1\/2&#8243;][gva_block_heading title=&#8221;Audit sur la gestion des DASRI&#8221; align=&#8221;align-left&#8221;][\/gva_block_heading][vc_column_text]<\/p>\n<div style=\"font-size: 18px;\">\n<ul>\n<li>Nous vous proposons un audit assur\u00e9 par un professionnel de notre soci\u00e9t\u00e9 pour la gestion de vos DASRI.<\/li>\n<li>Vous souhaitez : Vous assurez de la bonne connaissance dans votre \u00e9tablissement des protocoles et r\u00e8glementations<\/li>\n<li>Un diagnostic sur les modes de tris de vos d\u00e9chets, une meilleure gestion du risque biologique<\/li>\n<li>Une \u00e9valuation sur le conditionnement de vos d\u00e9chets, les emballages et leur bon usage<\/li>\n<li>Une meilleure analyse de la tra\u00e7abilit\u00e9, de vos stockages et d\u00e9stockages des d\u00e9chets<\/li>\n<li>Une baisse du co\u00fbt de traitement des DASRI par le tri et les bonnes pratiques<\/li>\n<li>Nous vous proposons Un audit de votre service technique avec votre infirmier(\u00e8re) hygi\u00e9niste, vos professionnels Agents de Services Hospitaliers (ASH), Infirmiers(\u00e8res) et professionnels techniques<\/li>\n<\/ul>\n<\/div>\n<p>[\/vc_column_text][\/vc_column][vc_column css_animation=&#8221;fadeInRight&#8221; width=&#8221;1\/2&#8243;][vc_single_image image=&#8221;726&#8243; img_size=&#8221;full&#8221;][\/vc_column][\/vc_row]<\/p>\n","protected":false},"excerpt":{"rendered":"<p>[vc_row][vc_column css_animation=&#8221;fadeInLeft&#8221; width=&#8221;1\/2&#8243;][gva_block_heading title=&#8221;Audit sur la gestion des DASRI&#8221; align=&#8221;align-left&#8221;][\/gva_block_heading][vc_column_text] Nous vous proposons un audit assur\u00e9 par un professionnel de notre soci\u00e9t\u00e9 pour la gestion de vos DASRI. Vous souhaitez : Vous assurez de la bonne connaissance dans votre \u00e9tablissement des protocoles et r\u00e8glementations Un diagnostic sur les modes de tris de vos d\u00e9chets, une [&hellip;]<\/p>\n","protected":false},"author":2,"featured_media":0,"parent":0,"menu_order":0,"comment_status":"closed","ping_status":"closed","template":"","meta":[],"_links":{"self":[{"href":"https:\/\/docteursett.com\/index.php?rest_route=\/wp\/v2\/pages\/4117"}],"collection":[{"href":"https:\/\/docteursett.com\/index.php?rest_route=\/wp\/v2\/pages"}],"about":[{"href":"https:\/\/docteursett.com\/index.php?rest_route=\/wp\/v2\/types\/page"}],"author":[{"embeddable":true,"href":"https:\/\/docteursett.com\/index.php?rest_route=\/wp\/v2\/users\/2"}],"replies":[{"embeddable":true,"href":"https:\/\/docteursett.com\/index.php?rest_route=%2Fwp%2Fv2%2Fcomments&post=4117"}],"version-history":[{"count":6,"href":"https:\/\/docteursett.com\/index.php?rest_route=\/wp\/v2\/pages\/4117\/revisions"}],"predecessor-version":[{"id":4353,"href":"https:\/\/docteursett.com\/index.php?rest_route=\/wp\/v2\/pages\/4117\/revisions\/4353"}],"wp:attachment":[{"href":"https:\/\/docteursett.com\/index.php?rest_route=%2Fwp%2Fv2%2Fmedia&parent=4117"}],"curies":[{"name":"wp","href":"https:\/\/api.w.org\/{rel}","templated":true}]}}