{"id":4110,"date":"2020-02-25T17:39:12","date_gmt":"2020-02-25T16:39:12","guid":{"rendered":"https:\/\/docteursett.com\/?page_id=4110"},"modified":"2021-08-06T16:58:39","modified_gmt":"2021-08-06T15:58:39","slug":"elimination-2","status":"publish","type":"page","link":"https:\/\/docteursett.com\/?page_id=4110","title":{"rendered":"Prise en Charge des D\u00e9chets Li\u00e9s au Covid"},"content":{"rendered":"<p>[vc_row css=&#8221;.vc_custom_1614256113833{margin-top: -200px !important;}&#8221;][vc_column css_animation=&#8221;fadeInRight&#8221; width=&#8221;2\/3&#8243;][vc_empty_space height=&#8221;100&#8243;][vc_column_text]<\/p>\n<p style=\"font-weight: 400;\">Dr Sett propose une diversit\u00e9 de solutions s\u00fbres et conformes pour les \u00e9tablissements de sant\u00e9 mais \u00e9galement les entreprises industrielles et de services, mais aussi les particuliers pour la gestion des d\u00e9chets m\u00e9dicaux et les d\u00e9chets li\u00e9es aux mesures barri\u00e8res (Masques, Gant, bouteille de gel\u2026) g\u00e9n\u00e9r\u00e9s par la pand\u00e9mie de coronavirus (COVID-19).<\/p>\n<p style=\"font-weight: 400;\"><span style=\"color: #008000;\"><strong>Pour les structures de soins<\/strong><\/span><\/p>\n<p style=\"font-weight: 400;\">Dr SETT met \u00e0 la disposition des structures de soins son expertise et son professionnalisme pour la prise en charge de flux de d\u00e9chets g\u00e9n\u00e9r\u00e9s par le COVID 19.<\/p>\n<p style=\"font-weight: 400;\"><span style=\"color: #008000;\"><strong>Pour les entreprises et les particuliers<\/strong><\/span><\/p>\n<p style=\"font-weight: 400;\"><strong>Notre solution est destin\u00e9e aux entreprises, aux professionnels de la sant\u00e9 et aux particuliers pour les appuyer dans la lutte contre la pand\u00e9mie.\u00a0<\/strong><\/p>\n<p style=\"font-weight: 400;\">DR SETT Propose ainsi de mettre \u00e0 disposition des entreprises et des particuliers des contenants conformes et s\u00e9curis\u00e9s pour la collecte l\u2019\u00e9limination des masques\u00a0:\u00a0<strong>Les COVID BOX<\/strong>.<\/p>\n<p style=\"font-weight: 400;\">Les covid Box sont \u00e0 usage unique et pour des raisons de s\u00e9curit\u00e9 le contenant et le contenu sont d\u00e9truits simultan\u00e9ment.<\/p>\n<p style=\"font-weight: 400;\">Accessoire barri\u00e8re indispensable \u00e0 la propagation du virus,\u00a0le masque chirurgical \u00e0 usage unique est devenu au fil des mois de la pand\u00e9mie un danger notoire pour l&#8217;environnement.<\/p>\n<ul style=\"font-weight: 400;\">\n<li><em>166 milliards de dollars d\u00e9pens\u00e9s en 2020 pour l\u2019achat de masque environ 800 millions de dollars en 2019. (Estimation CNUCED)<\/em><\/li>\n<li><em>Plus de 100 millions de masques chirurgicaux utilis\u00e9s par mois \u00e0 travers le monde (OMS)<\/em><\/li>\n<li><em>Environ 75% des masques se retrouvent dans la nature. (Programme des Nations Unies pour l&#8217;environnement)<\/em><\/li>\n<li><em>450 ans n\u00e9cessaire* \u00e0 un masque chirurgical pour se d\u00e9composer dans la nature<\/em><\/li>\n<\/ul>\n<p style=\"font-weight: 400;\"><strong>Opter pour les Covid Box c\u2019est opter pour la protection de l\u2019environnement tout en nous prot\u00e9geant \u00e9galement contre la propagation de la pand\u00e9mie.<\/strong><\/p>\n<p>[\/vc_column_text][\/vc_column][vc_column width=&#8221;1\/3&#8243;][vc_empty_space height=&#8221;100&#8243;][vc_raw_html]JTVCY2FsZGVyYV9mb3JtJTIwaWQlM0QlMjJDRjYxMDNmMDU4NjA4ZWMlMjIlNUQ=[\/vc_raw_html][\/vc_column][\/vc_row][vc_row css=&#8221;.vc_custom_1614256113833{margin-top: -200px !important;}&#8221;][vc_column css_animation=&#8221;fadeInRight&#8221;][vc_raw_html]JTNDTUFSUVVFRSUyMGJnY29sb3IlM0QlMjIlMjJXSURUSCUzRCUyMjEwMCUyNSUyMiUyMERJUkVDVElPTiUzRCUyMkxFRlQlMjIlMjBMT09QJTNEJTIyMTclMjIlM0UlMEElMjAlMjAlMjAlMjAlMjAlMjAlMjAlMjAlM0NpbWclMjBzcmMlM0QlMjJodHRwcyUzQSUyRiUyRmRvY3RldXJzZXR0LmNvbSUyRndwLWNvbnRlbnQlMkZ1cGxvYWRzJTJGMjAyMSUyRjA3JTJGQ2FwdHVyZS1kJUUyJTgwJTk5ZSVDQyU4MWNyYW4tMjAyMS0wNy0yOS1hJUNDJTgwLTEzLjUwLjE5LnBuZyUyMiUyMGFsdCUzRCUyMiUyMiUyMCUyRiUzRSUyMCUyMCUyMCUyMCUyMCUyMCUyMCUyMCUyMCUyMCUyMCUyMCUyMCUyMCUyMCUyMCUyMCUyMCUyMCUyMCUyMCUyMCUyMCUyMCUyMCUyMCUyMCUyMCUyMCUyMCUyMCUyMCUyMCUyMCUyMCUyMCUyMCUyMCUyMCUyMCUyMCUyMCUyMCUyMCUyMCUyMCUyMCUyMCUyMCUyMCUyMCUyMCUyMCUyMCUyMCUyMCUyMCUyMCUyMCUyMCUyMCUyMCUyMCUyMCUyMCUyMCUyMCUyMCUyMCUyMCUyMCUyMCUyMCUyMCUyMCUyMCUyMCUyMCUyMCUzQyUyRk1BUlFVRUUlM0UlMjA=[\/vc_raw_html][\/vc_column][\/vc_row]<\/p>\n","protected":false},"excerpt":{"rendered":"<p>[vc_row css=&#8221;.vc_custom_1614256113833{margin-top: -200px !important;}&#8221;][vc_column css_animation=&#8221;fadeInRight&#8221; width=&#8221;2\/3&#8243;][vc_empty_space height=&#8221;100&#8243;][vc_column_text] Dr Sett propose une diversit\u00e9 de solutions s\u00fbres et conformes pour les \u00e9tablissements de sant\u00e9 mais \u00e9galement les entreprises industrielles et de services, mais aussi les particuliers pour la gestion des d\u00e9chets m\u00e9dicaux et les d\u00e9chets li\u00e9es aux mesures barri\u00e8res (Masques, Gant, bouteille de gel\u2026) g\u00e9n\u00e9r\u00e9s par la [&hellip;]<\/p>\n","protected":false},"author":2,"featured_media":0,"parent":0,"menu_order":0,"comment_status":"closed","ping_status":"closed","template":"","meta":[],"_links":{"self":[{"href":"https:\/\/docteursett.com\/index.php?rest_route=\/wp\/v2\/pages\/4110"}],"collection":[{"href":"https:\/\/docteursett.com\/index.php?rest_route=\/wp\/v2\/pages"}],"about":[{"href":"https:\/\/docteursett.com\/index.php?rest_route=\/wp\/v2\/types\/page"}],"author":[{"embeddable":true,"href":"https:\/\/docteursett.com\/index.php?rest_route=\/wp\/v2\/users\/2"}],"replies":[{"embeddable":true,"href":"https:\/\/docteursett.com\/index.php?rest_route=%2Fwp%2Fv2%2Fcomments&post=4110"}],"version-history":[{"count":26,"href":"https:\/\/docteursett.com\/index.php?rest_route=\/wp\/v2\/pages\/4110\/revisions"}],"predecessor-version":[{"id":4480,"href":"https:\/\/docteursett.com\/index.php?rest_route=\/wp\/v2\/pages\/4110\/revisions\/4480"}],"wp:attachment":[{"href":"https:\/\/docteursett.com\/index.php?rest_route=%2Fwp%2Fv2%2Fmedia&parent=4110"}],"curies":[{"name":"wp","href":"https:\/\/api.w.org\/{rel}","templated":true}]}}