{"id":4106,"date":"2020-02-25T17:32:48","date_gmt":"2020-02-25T16:32:48","guid":{"rendered":"https:\/\/docteursett.com\/?page_id=4106"},"modified":"2021-08-02T12:29:15","modified_gmt":"2021-08-02T11:29:15","slug":"collecte-ramassage-2","status":"publish","type":"page","link":"https:\/\/docteursett.com\/?page_id=4106","title":{"rendered":"Collecte et Elimination des D\u00e9chets Bio-m\u00e9dicaux"},"content":{"rendered":"<p>[vc_row][vc_column css_animation=&#8221;fadeInRight&#8221; width=&#8221;2\/3&#8243;][gva_block_heading title=&#8221;Collecte et Elimination des D\u00e9chets Bio-m\u00e9dicaux&#8221; align=&#8221;align-left&#8221;][\/gva_block_heading][vc_column_text]<\/p>\n<div style=\"font-size: 18px; text-align: justify;\">\n<p>DR SETT\u00a0 propose une solution compl\u00e8te pour l\u2019\u00e9limination des DASRI int\u00e9grant une logistique adapt\u00e9e respectant les normes d&#8217;usages ainsi qu&#8217;un proc\u00e9d\u00e9 adapt\u00e9 \u00e0 vos besoins:<\/p>\n<ol>\n<li>Les collecteurs vides sont d\u00e9pos\u00e9s chez le<br \/>\nclient<\/li>\n<li>Les collectes sont programm\u00e9es \u00e0 l\u2019avance et<br \/>\nnos \u00e9quipes passent pour enlever les<br \/>\ncollecteurs pleins qu\u2019ils remplacent par des<br \/>\ncollecteurs vides; les op\u00e9rations sont toutes<br \/>\nsuivies et tra\u00e7ables \u00e0 travers notre plateforme<br \/>\ndigitale<\/li>\n<li>Les d\u00e9chets sont achemin\u00e9s vers notre centre<br \/>\nd\u2019\u00e9limination o\u00f9 ils seront trait\u00e9s par proc\u00e9d\u00e9<br \/>\nde banalisation<\/li>\n<li>Un certificat de destruction est ensuite remis<br \/>\nau client<\/li>\n<\/ol>\n<p><span style=\"color: black; font-size: 24px;\">Notre proc\u00e9d\u00e9 garanti s\u00e9curit\u00e9 et tra\u00e7abilit\u00e9<\/span><\/div>\n<p>[\/vc_column_text][\/vc_column][vc_column width=&#8221;1\/3&#8243;][vc_raw_html]JTVCY2FsZGVyYV9mb3JtJTIwaWQlM0QlMjJDRjYxMDNmMDU4NjA4ZWMlMjIlNUQ=[\/vc_raw_html][\/vc_column][\/vc_row]<\/p>\n","protected":false},"excerpt":{"rendered":"<p>[vc_row][vc_column css_animation=&#8221;fadeInRight&#8221; width=&#8221;2\/3&#8243;][gva_block_heading title=&#8221;Collecte et Elimination des D\u00e9chets Bio-m\u00e9dicaux&#8221; align=&#8221;align-left&#8221;][\/gva_block_heading][vc_column_text] DR SETT\u00a0 propose une solution compl\u00e8te pour l\u2019\u00e9limination des DASRI int\u00e9grant une logistique adapt\u00e9e respectant les normes d&#8217;usages ainsi qu&#8217;un proc\u00e9d\u00e9 adapt\u00e9 \u00e0 vos besoins: Les collecteurs vides sont d\u00e9pos\u00e9s chez le client Les collectes sont programm\u00e9es \u00e0 l\u2019avance et nos \u00e9quipes passent pour enlever [&hellip;]<\/p>\n","protected":false},"author":2,"featured_media":0,"parent":0,"menu_order":0,"comment_status":"closed","ping_status":"closed","template":"","meta":[],"_links":{"self":[{"href":"https:\/\/docteursett.com\/index.php?rest_route=\/wp\/v2\/pages\/4106"}],"collection":[{"href":"https:\/\/docteursett.com\/index.php?rest_route=\/wp\/v2\/pages"}],"about":[{"href":"https:\/\/docteursett.com\/index.php?rest_route=\/wp\/v2\/types\/page"}],"author":[{"embeddable":true,"href":"https:\/\/docteursett.com\/index.php?rest_route=\/wp\/v2\/users\/2"}],"replies":[{"embeddable":true,"href":"https:\/\/docteursett.com\/index.php?rest_route=%2Fwp%2Fv2%2Fcomments&post=4106"}],"version-history":[{"count":22,"href":"https:\/\/docteursett.com\/index.php?rest_route=\/wp\/v2\/pages\/4106\/revisions"}],"predecessor-version":[{"id":4465,"href":"https:\/\/docteursett.com\/index.php?rest_route=\/wp\/v2\/pages\/4106\/revisions\/4465"}],"wp:attachment":[{"href":"https:\/\/docteursett.com\/index.php?rest_route=%2Fwp%2Fv2%2Fmedia&parent=4106"}],"curies":[{"name":"wp","href":"https:\/\/api.w.org\/{rel}","templated":true}]}}