{"id":4099,"date":"2020-02-25T16:58:12","date_gmt":"2020-02-25T15:58:12","guid":{"rendered":"https:\/\/docteursett.com\/?page_id=4099"},"modified":"2021-07-30T10:53:48","modified_gmt":"2021-07-30T09:53:48","slug":"nos-services","status":"publish","type":"page","link":"https:\/\/docteursett.com\/?page_id=4099","title":{"rendered":"Nos Solutions"},"content":{"rendered":"<p>[vc_row css_animation=&#8221;fadeInDown&#8221;][vc_column][vc_column_text]<\/p>\n<h3>Nous proposons une solution compl\u00e8te de collecte et d\u2019\u00e9limination de vos d\u00e9chets issus des activit\u00e9s de soins \u00e0 risques infectieux dans le respect des r\u00e9glementations en vigueur.<\/h3>\n<p>[\/vc_column_text][gva_block_heading title=&#8221;Prise en charge des d\u00e9chets biom\u00e9dicaux&#8221; align=&#8221;align-left&#8221;][\/gva_block_heading][vc_row_inner][vc_column_inner width=&#8221;1\/2&#8243;][gva_box_color title=&#8221;Mise \u00e0 Disposition De Conteneur S\u00e9curis\u00e9&#8221; image=&#8221;4239&#8243; link=&#8221;https:\/\/docteursett.com\/?page_id=4103&#8243; text_link=&#8221;En savoir plus&#8221; color=&#8221;#81d742&#8243;][\/gva_box_color][\/vc_column_inner][vc_column_inner width=&#8221;1\/2&#8243;][gva_box_color title=&#8221;Collecte et Elimination des D\u00e9chets Bio-m\u00e9dicaux&#8221; image=&#8221;4338&#8243; link=&#8221;https:\/\/docteursett.com\/?page_id=4106&#8243; text_link=&#8221;En savoir plus&#8221; color=&#8221;#81d742&#8243;][\/gva_box_color][\/vc_column_inner][\/vc_row_inner][vc_row_inner][vc_column_inner][gva_block_heading title=&#8221;Mise en conformit\u00e9 R\u00e9glementaire&#8221; align=&#8221;align-left&#8221;][\/gva_block_heading][\/vc_column_inner][\/vc_row_inner][vc_row_inner][vc_column_inner width=&#8221;1\/2&#8243;][gva_box_color title=&#8221;Audit&#8221; image=&#8221;4242&#8243; link=&#8221;https:\/\/docteursett.com\/?page_id=4117&#8243; text_link=&#8221;En savoir plus&#8221; color=&#8221;#81d742&#8243;][\/gva_box_color][\/vc_column_inner][vc_column_inner width=&#8221;1\/2&#8243;][gva_box_color title=&#8221;Formation&#8221; image=&#8221;4243&#8243; link=&#8221;https:\/\/docteursett.com\/?page_id=4113&#8243; text_link=&#8221;En savoir plus&#8221; color=&#8221;#81d742&#8243;][\/gva_box_color][\/vc_column_inner][\/vc_row_inner][vc_row_inner][vc_column_inner][gva_block_heading title=&#8221;Gestion des d\u00e9chets covid&#8221; align=&#8221;align-left&#8221;][\/gva_block_heading][\/vc_column_inner][\/vc_row_inner][vc_row_inner][vc_column_inner width=&#8221;1\/2&#8243;][gva_box_color title=&#8221;Prise en Charge des D\u00e9chets Li\u00e9s au Covid&#8221; image=&#8221;4414&#8243; link=&#8221;https:\/\/docteursett.com\/?page_id=4110&#8243; text_link=&#8221;En savoir plus&#8221; color=&#8221;#81d742&#8243;][\/gva_box_color][\/vc_column_inner][vc_column_inner width=&#8221;1\/2&#8243;][\/vc_column_inner][\/vc_row_inner][\/vc_column][\/vc_row]<\/p>\n","protected":false},"excerpt":{"rendered":"<p>[vc_row css_animation=&#8221;fadeInDown&#8221;][vc_column][vc_column_text] Nous proposons une solution compl\u00e8te de collecte et d\u2019\u00e9limination de vos d\u00e9chets issus des activit\u00e9s de soins \u00e0 risques infectieux dans le respect des r\u00e9glementations en vigueur. [\/vc_column_text][gva_block_heading title=&#8221;Prise en charge des d\u00e9chets biom\u00e9dicaux&#8221; align=&#8221;align-left&#8221;][\/gva_block_heading][vc_row_inner][vc_column_inner width=&#8221;1\/2&#8243;][gva_box_color title=&#8221;Mise \u00e0 Disposition De Conteneur S\u00e9curis\u00e9&#8221; image=&#8221;4239&#8243; link=&#8221;https:\/\/docteursett.com\/?page_id=4103&#8243; text_link=&#8221;En savoir plus&#8221; color=&#8221;#81d742&#8243;][\/gva_box_color][\/vc_column_inner][vc_column_inner width=&#8221;1\/2&#8243;][gva_box_color title=&#8221;Collecte et Elimination des [&hellip;]<\/p>\n","protected":false},"author":2,"featured_media":0,"parent":0,"menu_order":0,"comment_status":"closed","ping_status":"closed","template":"","meta":[],"_links":{"self":[{"href":"https:\/\/docteursett.com\/index.php?rest_route=\/wp\/v2\/pages\/4099"}],"collection":[{"href":"https:\/\/docteursett.com\/index.php?rest_route=\/wp\/v2\/pages"}],"about":[{"href":"https:\/\/docteursett.com\/index.php?rest_route=\/wp\/v2\/types\/page"}],"author":[{"embeddable":true,"href":"https:\/\/docteursett.com\/index.php?rest_route=\/wp\/v2\/users\/2"}],"replies":[{"embeddable":true,"href":"https:\/\/docteursett.com\/index.php?rest_route=%2Fwp%2Fv2%2Fcomments&post=4099"}],"version-history":[{"count":23,"href":"https:\/\/docteursett.com\/index.php?rest_route=\/wp\/v2\/pages\/4099\/revisions"}],"predecessor-version":[{"id":4416,"href":"https:\/\/docteursett.com\/index.php?rest_route=\/wp\/v2\/pages\/4099\/revisions\/4416"}],"wp:attachment":[{"href":"https:\/\/docteursett.com\/index.php?rest_route=%2Fwp%2Fv2%2Fmedia&parent=4099"}],"curies":[{"name":"wp","href":"https:\/\/api.w.org\/{rel}","templated":true}]}}