{"id":389,"date":"2020-01-27T09:45:03","date_gmt":"2020-01-27T08:45:03","guid":{"rendered":"https:\/\/docteursett.com\/?page_id=389"},"modified":"2021-08-02T12:00:17","modified_gmt":"2021-08-02T11:00:17","slug":"qui-sommes-nous","status":"publish","type":"page","link":"https:\/\/docteursett.com\/?page_id=389","title":{"rendered":"A propos"},"content":{"rendered":"<p>[vc_row][vc_column width=&#8221;7\/12&#8243;][vc_column_text]<\/p>\n<div style=\"font-size: 18px; text-align: justify;\">\n<p>DR SETT est une soci\u00e9t\u00e9 africaine sp\u00e9cialis\u00e9 dans la gestion des d\u00e9chets biom\u00e9dicaux. L\u2019ambition de DR SETT est de permettre \u00e0 toutes les structures<br \/>\nm\u00e9dicales priv\u00e9es et publiques de traiter mani\u00e8re responsable et durable l\u2019ensemble de leurs D\u00e9chets Biom\u00e9dicaux.Dr SETT a pour principales missions :<\/p>\n<ol>\n<li>Permettre \u00e0 toutes les structures m\u00e9dicales priv\u00e9es et<br \/>\npubliques d\u2019avoir une solution responsable et durable<br \/>\npour traiter leurs D\u00e9chets Biom\u00e9dicaux.<\/li>\n<li>Aider \u00e0 assainir le domaine publique, et prot\u00e9ger les<br \/>\npopulations des risques d\u2019infections, en \u00e9liminant la<br \/>\npr\u00e9sence de D\u00e9chets Biom\u00e9dicaux dans les ordures<br \/>\nm\u00e9nag\u00e8res.<\/li>\n<\/ol>\n<p>Nous menons les activit\u00e9s ci-dessous :<\/p>\n<ul>\n<li>Mise \u00e0 disposition de mat\u00e9riels de collecte<\/li>\n<li>Collecte et transport des d\u00e9chets biom\u00e9dicaux<\/li>\n<li>Formation du personnel sur la gestion des d\u00e9chets biom\u00e9dicaux<\/li>\n<li>Audit &amp; Diagnostics<\/li>\n<\/ul>\n<p>De la collecte au traitement nous disposons des agents qualifi\u00e9s, des \u00e9quipements et mat\u00e9riels conformes \u00e0 la r\u00e9glementation.<\/p>\n<p>Dans une logique de d\u00e9veloppement durable, nous acheminons les d\u00e9chets vers des sites de destruction qui revalorisent les d\u00e9chets en \u00e9nergie. Ainsi, une d\u00e9marche r\u00e9glementaire devient un geste pour notre plan\u00e8te.<\/p>\n<p>Un certificat de destruction est remis \u00e0 nos clients\u00a0 garantissant ainsi une tra\u00e7abilit\u00e9 des op\u00e9rations.<\/p><\/div>\n<p>[\/vc_column_text][\/vc_column][vc_column width=&#8221;5\/12&#8243;][vc_single_image image=&#8221;4309&#8243; img_size=&#8221;500&#215;300&#8243;][vc_empty_space][gva_contact_info title=&#8221;Contacts&#8221; phone=&#8221;+221 33 889 51 62&#8243; email=&#8221;drsett@docteursett.com&#8221;][\/vc_column][\/vc_row]<\/p>\n","protected":false},"excerpt":{"rendered":"<p>[vc_row][vc_column width=&#8221;7\/12&#8243;][vc_column_text] DR SETT est une soci\u00e9t\u00e9 africaine sp\u00e9cialis\u00e9 dans la gestion des d\u00e9chets biom\u00e9dicaux. L\u2019ambition de DR SETT est de permettre \u00e0 toutes les structures m\u00e9dicales priv\u00e9es et publiques de traiter mani\u00e8re responsable et durable l\u2019ensemble de leurs D\u00e9chets Biom\u00e9dicaux.Dr SETT a pour principales missions : Permettre \u00e0 toutes les structures m\u00e9dicales priv\u00e9es et [&hellip;]<\/p>\n","protected":false},"author":1,"featured_media":0,"parent":0,"menu_order":0,"comment_status":"closed","ping_status":"closed","template":"","meta":[],"_links":{"self":[{"href":"https:\/\/docteursett.com\/index.php?rest_route=\/wp\/v2\/pages\/389"}],"collection":[{"href":"https:\/\/docteursett.com\/index.php?rest_route=\/wp\/v2\/pages"}],"about":[{"href":"https:\/\/docteursett.com\/index.php?rest_route=\/wp\/v2\/types\/page"}],"author":[{"embeddable":true,"href":"https:\/\/docteursett.com\/index.php?rest_route=\/wp\/v2\/users\/1"}],"replies":[{"embeddable":true,"href":"https:\/\/docteursett.com\/index.php?rest_route=%2Fwp%2Fv2%2Fcomments&post=389"}],"version-history":[{"count":118,"href":"https:\/\/docteursett.com\/index.php?rest_route=\/wp\/v2\/pages\/389\/revisions"}],"predecessor-version":[{"id":4447,"href":"https:\/\/docteursett.com\/index.php?rest_route=\/wp\/v2\/pages\/389\/revisions\/4447"}],"wp:attachment":[{"href":"https:\/\/docteursett.com\/index.php?rest_route=%2Fwp%2Fv2%2Fmedia&parent=389"}],"curies":[{"name":"wp","href":"https:\/\/api.w.org\/{rel}","templated":true}]}}